{"id":1383,"date":"2025-06-06T10:43:07","date_gmt":"2025-06-06T10:43:07","guid":{"rendered":"https:\/\/salomaa.fi\/privacy-policy\/"},"modified":"2025-08-18T07:55:02","modified_gmt":"2025-08-18T07:55:02","slug":"privacy-policy","status":"publish","type":"page","link":"https:\/\/salomaa.fi\/en\/privacy-policy\/","title":{"rendered":"Privacy Policy"},"content":{"rendered":"\n<section \n    id=\"\"\n    class=\"snaping-section   \" \n    role=\"region\" \n     aria-labelledby=\"headline-title\"     style=\"background: #e1efef \"\n>\n<div class=\"max-w-[1600px]  m-auto flex flex-col justify-start gap-0 md:gap-16 flex-col md:flex-row  p-8 md:px-16 md:py-32\">\n            <div class=\"flex-1 flex-[25%]\">\n                \n<h4  data-view=\"partials\/heading\"\n  id=\"privacy-policy\"\n\n      class=\"text-2.5xl md:text-4xl xl:text-6xl leading-[140%] md:leading-[115%] xl-leading[110%] font-Century-Gothic-regular my-8 md:my-0 text-dark\"\n  >\n\n      Privacy Policy  \n<\/h4>\n   \n        <\/div>\n                            <div class=\"flex-1 mb-8 md:mb-0 h7 flex-[75%]\">\n                <p><strong>SALOMAA YHTI\u00d6T OY:N YRITYSASIAKAS-, TOIMITTAJA- JA P\u00c4\u00c4TT\u00c4J\u00c4REKISTERIN TIETOSUOJASELOSTE<\/strong><\/p>\n<p>&nbsp;<\/p>\n<p>REKISTERINPIT\u00c4J\u00c4<\/p>\n<p>&nbsp;<\/p>\n<p>Salomaa Yhti\u00f6t Oy<br \/>Y-tunnus 0921064-5<br \/>Annankatu 28<br \/>00100 Helsinki<br \/>Puh. + 358 9 694 5155<br \/>tietosuoja@salomaa.fi<\/p>\n<p>&nbsp;<\/p>\n<p><strong>HENKIL\u00d6TIETOJEN K\u00c4SITTELYN OIKEUSPERUSTEET JA TARKOITUKSET<\/strong><\/p>\n<p>&nbsp;<\/p>\n<p>Rekisterinpit\u00e4j\u00e4 k\u00e4sittelee henkil\u00f6tietoja seuraavilla oikeusperusteilla ja k\u00e4ytt\u00f6tarkoituksissa:<\/p>\n<p>&nbsp;<\/p>\n<p>1. rekisterinpit\u00e4j\u00e4n ja sen asiakkaana, alihankkijana tai yhteisty\u00f6kumppanina olevan yrityksen (j\u00e4ljemp\u00e4n\u00e4 \u201dYritykset\u201d) v\u00e4lisen sopimuksen t\u00e4yt\u00e4nt\u00f6\u00f6npano ja sopimuksen tekemist\u00e4 edelt\u00e4vien toimenpiteiden toteuttaminen rekister\u00f6idyn pyynn\u00f6st\u00e4<\/p>\n<p>&nbsp;<\/p>\n<p>a. tiedusteluihin, tarjouspyynt\u00f6ihin yms. vastaaminen<\/p>\n<p>&nbsp;<\/p>\n<p>b. sovittujen tuotteiden ja palveluiden toimittaminen ja hankkiminen<\/p>\n<p>&nbsp;<\/p>\n<p>c. sopimusten ja tilausten hallinnointi, laskutus ja perint\u00e4<\/p>\n<p>&nbsp;<\/p>\n<p>2. rekisterinpit\u00e4j\u00e4n ja Yritysten v\u00e4liseen asiakas-, toimittaja- tai muuhun suhteeseen perustuvan oikeutetun edun perusteella<\/p>\n<p>&nbsp;<\/p>\n<p>a. rekisterinpit\u00e4j\u00e4n ja Yritysten v\u00e4lisen asiakas- tai muun suhteen luominen, hoitaminen, yll\u00e4pito, kehitt\u00e4minen<\/p>\n<p>&nbsp;<\/p>\n<p>b. liiketoiminnan, tuotteiden ja palveluiden suunnittelu ja kehitt\u00e4minen<\/p>\n<p>&nbsp;<\/p>\n<p>c. tyytyv\u00e4isyys- ja muut tutkimukset ja muu Yritysten ja rekisterinpit\u00e4j\u00e4n v\u00e4liseen suhteeseen perustuva viestint\u00e4<\/p>\n<p>&nbsp;<\/p>\n<p>3. rekisterinpit\u00e4j\u00e4n oikeutetun edun perusteella<\/p>\n<p>&nbsp;<\/p>\n<p>a. rekisterinpit\u00e4j\u00e4n ja sen yhteisty\u00f6kumppaneiden tuotteiden ja palvelujen suoramarkkinointi ja sen kohdentaminen (ml. uutiskirjeen l\u00e4hett\u00e4minen) puhelimitse, kirjeitse s\u00e4hk\u00f6postilla, tekstiviestill\u00e4 ja muuten s\u00e4hk\u00f6isesti<\/p>\n<p>&nbsp;<\/p>\n<p>b. Internet- ja mobiilimainonta ja sen kohdentaminen<\/p>\n<p>&nbsp;<\/p>\n<p>c. mielipide- ja markkinatutkimukset, markkinointikilpailujen ja muiden tapahtumien j\u00e4rjest\u00e4minen<\/p>\n<p>&nbsp;<\/p>\n<p>4. rekister\u00f6idyn antaman suostumuksen perusteella<\/p>\n<p>&nbsp;<\/p>\n<p>a. paikantaminen<\/p>\n<p>&nbsp;<\/p>\n<p>b. tietojen ker\u00e4\u00e4minen rekisterinpit\u00e4j\u00e4n verkko-ja mobiilipalvelujen k\u00e4yt\u00f6st\u00e4 ev\u00e4steiden, mainontatunnisteiden tai muiden vastaavien teknisten seurantakeinojen avulla t\u00e4m\u00e4n selosteen mukaisiin tarkoituksiin<\/p>\n<p>&nbsp;<\/p>\n<p>5. analysointi, profilointi, segmentointi ja tilastointi edell\u00e4 1\u20134 kohdissa mainittuihin k\u00e4ytt\u00f6tarkoituksiin liittyen niiss\u00e4 mainituilla oikeusperusteilla.<\/p>\n<p>&nbsp;<\/p>\n<p><strong>REKISTER\u00d6IDYT JA REKISTERIN TIETOSIS\u00c4LT\u00d6<\/strong><\/p>\n<p>&nbsp;<\/p>\n<p>Rekisteri sis\u00e4lt\u00e4\u00e4 seuraavia tietoja nykyisten ja potentiaalisten asiakas-, alihankkija- ja yhteisty\u00f6kumppaniyritysten ja -yhteis\u00f6jen p\u00e4\u00e4tt\u00e4jist\u00e4 ja yhteyshenkil\u00f6ist\u00e4:<\/p>\n<p>&nbsp;<\/p>\n<p><strong>Perustiedot:<\/strong> nimi, arvo tai ammatti, asema tai teht\u00e4v\u00e4 yrityksess\u00e4, yrityksen tiedot, ty\u00f6paikan posti- ja k\u00e4yntiosoite, ty\u00f6s\u00e4hk\u00f6postiosoite, ty\u00f6puhelinnumero, syntym\u00e4vuosi, sukupuoli, \u00e4idinkieli, palvelukieli, toivottu yhteydenottotapa;<\/p>\n<p>&nbsp;<\/p>\n<p><strong>Markkinointitiedot:<\/strong> teht\u00e4vi\u00e4 ja asemaa elinkeinoel\u00e4m\u00e4ss\u00e4 tai julkisessa teht\u00e4v\u00e4ss\u00e4 koskevat tiedot, ammatilliset kiinnostuksen kohteet, muut rekister\u00f6idyn ilmoittamat tiedot; rekister\u00f6ityyn kohdistetut markkinointitoimenpiteet, osallistuminen tapahtumiin, suoramarkkinointikiellot ja suostumukset;<\/p>\n<p>&nbsp;<\/p>\n<p><strong>S\u00e4hk\u00f6isten palveluiden k\u00e4ytt\u00f6tiedot:<\/strong> k\u00e4ytt\u00f6oikeuden edellytt\u00e4m\u00e4t rekister\u00f6itymistiedot, kuten k\u00e4ytt\u00e4j\u00e4tunnus, nimimerkki, salasana ja muu mahdollinen yksil\u00f6iv\u00e4 tunnus; palvelun k\u00e4ytt\u00f6- ja selaustiedot, mainokset jotka on n\u00e4ytetty sek\u00e4 tiedot mainosten klikkaamisesta; sivu, jolta k\u00e4ytt\u00e4j\u00e4 on siirtynyt rekisterinpit\u00e4j\u00e4n sivustolle, laitteen malli, yksil\u00f6llinen laite- ja\/tai ev\u00e4stetunniste, tiedonkeruun kanava (internetselain, mobiiliselain, sovellus), selaimen versio, IP-osoite, istuntotunniste, istunnon aika ja kesto sek\u00e4 n\u00e4yt\u00f6n tarkkuus ja k\u00e4ytt\u00f6j\u00e4rjestelm\u00e4<\/p>\n<p>&nbsp;<\/p>\n<p><strong>Yhteydenpitoon liittyv\u00e4t tiedot:<\/strong> palautteet ja yhteydenotot, s\u00e4hk\u00f6postit, s\u00e4hk\u00f6iset asiointilomakkeet, chat-keskustelut, puhelutallenteet<\/p>\n<p>&nbsp;<\/p>\n<p><strong>Tietoja sosiaalisen median k\u00e4yt\u00f6st\u00e4:<\/strong> Rekisterinpit\u00e4j\u00e4n internet-sivustolla voi olla k\u00e4yt\u00f6ss\u00e4 sosiaalisen median toimintoja (eli yhteis\u00f6liit\u00e4nn\u00e4isi\u00e4), kuten Facebookin Tykk\u00e4\u00e4-painike tai sis\u00e4ll\u00f6n jakamiseen tarkoitettu Jaa t\u00e4m\u00e4 -painike. Facebook voi luovuttaa rekisterinpit\u00e4j\u00e4lle tiedot k\u00e4ytt\u00e4j\u00e4n Facebookissa jakamista sivustoa koskevista kommenteista ja linkeist\u00e4. Lis\u00e4ksi Facebook voi luovuttaa rekisterinpit\u00e4j\u00e4lle k\u00e4ytt\u00e4j\u00e4n julkiseen profiiliin sis\u00e4ltyv\u00e4t tiedot sek\u00e4 muita tietoja, joita Facebookin k\u00e4ytt\u00e4j\u00e4 jakaa rekisterinpit\u00e4j\u00e4n palveluiden kanssa. Yhteis\u00f6liit\u00e4nn\u00e4iset ovat niit\u00e4 tarjoavan yrityksen vastuulla. Niiden tietosuojak\u00e4yt\u00e4nt\u00f6ihin voi perehty\u00e4 niiden omissa palveluissa, esim. Facebook: https:\/\/fi-fi.facebook.com\/privacy\/explanation ja LinkedIn https:\/\/www.linkedin.com\/legal\/preview\/privacy-policy<\/p>\n<p>&nbsp;<\/p>\n<p><strong>Profiili- ja luokittelutiedot:<\/strong> Edell\u00e4 kuvattujen tietojen, sek\u00e4 s\u00e4\u00e4nn\u00f6nmukaisista tietol\u00e4hteist\u00e4 hankitut tutkimustiedot, luokitukset, segmentit ja analyysit sek\u00e4 rekisteriss\u00e4 olevien tietojen analysoinnin ja profiloinnin perusteella muodostetut asiakas-\/k\u00e4ytt\u00e4j\u00e4- ja markkinointisegmentit ja -profiilit<\/p>\n<p>&nbsp;<\/p>\n<p>Suoramarkkinoinnissa potentiaalisten ja entisten asiakkaiden kontaktihenkil\u00f6ille k\u00e4ytet\u00e4\u00e4n vain perustietoja sek\u00e4 markkinointitietoja ja rekister\u00f6idyn suostumuksella muita tietoja.<\/p>\n<p>&nbsp;<\/p>\n<p><strong>S\u00c4\u00c4NN\u00d6NMUKAISET TIETOL\u00c4HTEET<\/strong><\/p>\n<p>&nbsp;<\/p>\n<p>Rekisterin tiedot ker\u00e4t\u00e4\u00e4n s\u00e4\u00e4nn\u00f6nmukaisesti rekister\u00f6idylt\u00e4 itselt\u00e4\u00e4n palveluiden ja verkkosivuston k\u00e4yt\u00f6n yhteydess\u00e4, yhteydenottopyynn\u00f6n tai muun lomakkeen t\u00e4yt\u00f6n, sopimuksen solmimisen tai muun henkil\u00f6kohtaisen, s\u00e4hk\u00f6isen tai puhelinasioinnin yhteydess\u00e4 tai tapahtumiin osallistumisen yhteydess\u00e4. Lis\u00e4ksi henkil\u00f6tietoja voidaan rikastaa ja p\u00e4ivitt\u00e4\u00e4 tutkimuslaitosten suorittamilla tutkimuksilla sek\u00e4 yleisesti saatavilla olevista tietol\u00e4hteist\u00e4, kuten yritysten verkkosivuilta, kaupparekisterist\u00e4, muista julkisista ja yksityisist\u00e4 rekistereist\u00e4 (esimerkiksi Suomen Asiakastieto Oy, Tilastokeskus, Fonecta Oy, Posti Oy) sek\u00e4 muista vastaavista yritys- ja p\u00e4\u00e4tt\u00e4j\u00e4rekistereist\u00e4 sek\u00e4 muista julkisista ja yksityisist\u00e4 rekistereist\u00e4 saatavilla luokituksilla, segmentoinnilla ja analyyseill\u00e4.<\/p>\n<p>&nbsp;<\/p>\n<p><strong>S\u00c4\u00c4NN\u00d6NMUKAISET HENKIL\u00d6TIETOJEN LUOVUTUKSET JA SIIRROT<\/strong><\/p>\n<p>&nbsp;<\/p>\n<p>Rekisterinpit\u00e4j\u00e4 voi luovuttaa rekisterin tietoja rekisterinpit\u00e4j\u00e4n konserniyhti\u00f6ille konsernisuhteeseen perustuvan oikeutetun edun perusteella t\u00e4ss\u00e4 rekisteriselosteessa mainittuihin k\u00e4ytt\u00f6tarkoituksiin.<\/p>\n<p>&nbsp;<\/p>\n<p>Rekisterinpit\u00e4j\u00e4 voi my\u00f6s luovuttaa tietoja yhteisty\u00f6kumppaneilleen, kun se on tarpeellista rekisterin k\u00e4ytt\u00f6tarkoitusten toteuttamiseksi, esim. asiakkaan rekisterinpit\u00e4j\u00e4lt\u00e4 tilaamien kolmannen osapuolen palvelujen toteuttamiseksi tai, kun asiakas on antanut siihen suostumuksensa. Tietoja ei luovuteta muille ulkopuolisille tahoille paitsi, jos se on v\u00e4ltt\u00e4m\u00e4t\u00f6nt\u00e4 rekisterinpit\u00e4j\u00e4n lakis\u00e4\u00e4teisten tai sopimukseen perustuvien velvollisuuksien t\u00e4ytt\u00e4miseksi.<\/p>\n<p>&nbsp;<\/p>\n<p>Rekisterinpit\u00e4j\u00e4ll\u00e4 on oikeus k\u00e4ytt\u00e4\u00e4 alihankkijoita palvelujensa tarjoamisessa ja toteuttamisessa. N\u00e4it\u00e4 alihankkijoita ovat esimerkiksi ICT-palvelujen tuottajat. T\u00e4ll\u00f6in henkil\u00f6tietoja voidaan siirt\u00e4\u00e4 alihankkijoille siin\u00e4 m\u00e4\u00e4rin kuin se on tarpeen palvelujen toteuttamiseksi. N\u00e4m\u00e4 alihankkijat k\u00e4sittelev\u00e4t henkil\u00f6tietoja rekisterinpit\u00e4j\u00e4n puolesta ja lukuun rekisterinpit\u00e4j\u00e4n ohjeiden ja t\u00e4m\u00e4n tietosuojaselosteen mukaisesti. Rekisterinpit\u00e4j\u00e4 huolehtii sopimusteitse, ett\u00e4 henkil\u00f6tietoja k\u00e4sitell\u00e4\u00e4n lains\u00e4\u00e4d\u00e4nn\u00f6n mukaisesti.<\/p>\n<p>&nbsp;<\/p>\n<p>Henkil\u00f6tietoja voidaan siirt\u00e4\u00e4 k\u00e4sitelt\u00e4v\u00e4ksi my\u00f6s EU-\/ETA-alueen ulkopuolisessa maassa. Ellei Euroopan komissio ole vahvistanut, ett\u00e4 k\u00e4sittelymaan tietosuojan taso on hyv\u00e4ksytt\u00e4v\u00e4, rekisterinpit\u00e4j\u00e4 varmistetaan asianmukaisen tietosuojan tekem\u00e4ll\u00e4 alihankkijoiden kanssa kirjalliset sopimukset Euroopan komission hyv\u00e4ksymill\u00e4 vakiosopimusehdoilla (p\u00e4\u00e4t\u00f6s C (2010)593) tai muulla lainmukaisella menettelyll\u00e4.<\/p>\n<p>&nbsp;<\/p>\n<p><strong>REKISTERIN SUOJAUKSEN PERIAATTEET JA TIETOJEN S\u00c4ILYTYSAIKA<\/strong><\/p>\n<p>&nbsp;<\/p>\n<p>Tietojen k\u00e4ytt\u00f6\u00f6n ovat oikeutettuja vain ne henkil\u00f6t, joilla on ty\u00f6ns\u00e4 puolesta oikeus k\u00e4sitell\u00e4 tietoja. Tietoja s\u00e4ilytet\u00e4\u00e4n lukituissa ja kulunvalvonnalla suojatuissa tiloissa. S\u00e4hk\u00f6iset tiedot on suojattu palomuurein, k\u00e4ytt\u00f6oikeuksien hallinnalla (henkil\u00f6kohtaiset k\u00e4ytt\u00e4j\u00e4tunnukset ja salasanat) ja muilla teknisill\u00e4 keinoilla.<\/p>\n<p>&nbsp;<\/p>\n<p>Henkil\u00f6tietoja s\u00e4ilytet\u00e4\u00e4n niin kauan, kuin se on tarpeellista k\u00e4ytt\u00f6tarkoituksen vuoksi. Tiedot h\u00e4vitet\u00e4\u00e4n rekisterinpit\u00e4j\u00e4n ja Yrityksen v\u00e4lisen asiakas-, toimittaja- tai muun suhteen p\u00e4\u00e4ttymisen j\u00e4lkeen tai sen j\u00e4lkeen, kun rekisterinpit\u00e4j\u00e4 on saanut tiedon, ett\u00e4 rekister\u00f6ity ei ole en\u00e4\u00e4 Yrityksen kontaktihenkil\u00f6n\u00e4 seuraavin poikkeuksin:<\/p>\n<p>&nbsp;<\/p>\n<p>S\u00e4hk\u00f6isten palveluiden k\u00e4ytt\u00f6tiedot ja yhteydenpitoon liittyv\u00e4t tiedot s\u00e4ilytet\u00e4\u00e4n viiden vuoden ajan em. ajankohdasta.<\/p>\n<p>&nbsp;<\/p>\n<p>Anonymisoituja tietoja voidaan s\u00e4ilytt\u00e4\u00e4 pysyv\u00e4sti.<\/p>\n<p>&nbsp;<\/p>\n<p>Rekister\u00f6idyn perustiedot ja markkinointitiedot ja rekister\u00f6idyn suostumuksella muita tietoja voidaan s\u00e4ilytt\u00e4\u00e4 pysyv\u00e4sti suoramarkkinointitarkoituksia varten lain sallimissa puitteissa.<\/p>\n<p>&nbsp;<\/p>\n<p>Kulloinkin voimassa olevan lains\u00e4\u00e4d\u00e4nn\u00f6n sallimissa tilanteissa edell\u00e4 mainittujen s\u00e4ilytysaikojen j\u00e4lkeen.<br \/>(Huom. rekisterinpit\u00e4j\u00e4 s\u00e4ilytt\u00e4\u00e4 muilla perusteilla Yrityksen tietoja, eli tietoja sellaisesta rekisterinpit\u00e4j\u00e4n tuotteiden ja palvelujen k\u00e4yt\u00f6st\u00e4, kirjeenvaihdosta ja muusta yhteydenpidosta, jotka rekister\u00f6ity on suorittanut yritysasiakkaan edustajana sen puolesta ja lukuun, sill\u00e4 ne eiv\u00e4t ole henkil\u00f6tietoja.)<\/p>\n<p>&nbsp;<\/p>\n<p><strong>HENKIL\u00d6TIETOJEN K\u00c4SITTELYYN LIITTYV\u00c4T REKISTER\u00d6IDYN OIKEUDET<\/strong><\/p>\n<p>&nbsp;<\/p>\n<p><strong>1.1 REKISTER\u00d6IDYN OIKEUS PERUUTTAA SUOSTUMUKSENSA JA KIELT\u00c4\u00c4 SUORAMARKKINOINTI<\/strong><\/p>\n<p>&nbsp;<\/p>\n<p>Rekister\u00f6ity voi milloin tahansa peruuttaa s\u00e4hk\u00f6iseen suoramarkkinointiin ja muihin tarkoituksiin antamansa suostumukset. Rekister\u00f6ity voi kielt\u00e4\u00e4 tietojensa k\u00e4ytt\u00e4misen suoramarkkinointiin (sit\u00e4 koskeva profilointi mukaan lukien).<\/p>\n<p>&nbsp;<\/p>\n<p><strong>1.2 REKISTER\u00d6IDYN OIKEUS TARKASTAA TIETONSA JA VAATIA TIEDON OIKAISEMISTA TAI POISTAMISTA<\/strong><\/p>\n<p>&nbsp;<\/p>\n<p>Rekister\u00f6idyll\u00e4 on oikeus tarkastaa, mit\u00e4 h\u00e4nt\u00e4 koskevia tietoja rekisteriin on tallennettu ja saada j\u00e4ljenn\u00f6s k\u00e4sitelt\u00e4vist\u00e4 henkil\u00f6tiedoista.<\/p>\n<p>&nbsp;<\/p>\n<p>Jos rekister\u00f6ity havaitsee virheellisi\u00e4 tietoja, h\u00e4nen on oma-aloitteisesti oikaistava, poistettava tai t\u00e4ydennett\u00e4v\u00e4 rekisteriss\u00e4 oleva virheellinen tieto, jos se on palvelussa mahdollista, tai ilmoitettava virheist\u00e4 ja oikeista tiedoista rekisterinpit\u00e4j\u00e4lle.<\/p>\n<p>&nbsp;<\/p>\n<p><strong>1.3 REKISTER\u00d6IDYN OIKEUS SIIRT\u00c4\u00c4 TIEDOT J\u00c4RJESTELM\u00c4ST\u00c4 TOISEEN<\/strong><\/p>\n<p>&nbsp;<\/p>\n<p>Jos lains\u00e4\u00e4d\u00e4nt\u00f6 ja viranomaisohjeet sit\u00e4 edellytt\u00e4v\u00e4t, rekister\u00f6idyll\u00e4 on oikeus saada p\u00e4\u00e4s\u00e4\u00e4nt\u00f6isesti koneluettavassa muodossa itselleen ja siirt\u00e4\u00e4 toiselle rekisterinpit\u00e4j\u00e4lle ne tiedot, jotka h\u00e4n on itse ilmoittanut rekisteriin ja joita k\u00e4sitell\u00e4\u00e4n rekister\u00f6idyn antaman suostumuksen tai toimeksiannon nojalla.<\/p>\n<p>&nbsp;<\/p>\n<p><strong>1.4 REKISTER\u00d6IDYN OIKEUS VASTUSTAA TAI RAJOITTAA HENKIL\u00d6TIETOJEN K\u00c4SITTELY\u00c4<\/strong><\/p>\n<p>&nbsp;<\/p>\n<p>Rekister\u00f6idyll\u00e4 on oikeus henkil\u00f6kohtaiseen erityiseen tilanteeseensa liittyen vastustaa henkil\u00f6tietojensa k\u00e4sittely\u00e4. Rekister\u00f6idyn tulee vaatimuksen yhteydess\u00e4 yksil\u00f6id\u00e4 se erityinen tilanne, johon perustuen h\u00e4n vastustaa k\u00e4sittely\u00e4. Rekisterinpit\u00e4j\u00e4 voi kielt\u00e4yty\u00e4 toteuttamasta vastustamista koskevaa pyynt\u00f6\u00e4 laissa s\u00e4\u00e4detyin perustein.<\/p>\n<p>&nbsp;<\/p>\n<p>Rekister\u00f6idyll\u00e4 on oikeus vaatia henkil\u00f6tietojensa k\u00e4sittelyn rajoittamista lakis\u00e4\u00e4teisill\u00e4 perusteilla esimerkiksi, kun rekister\u00f6ity odottaa rekisterinpit\u00e4j\u00e4n vastausta tietojensa oikaisemista tai poistamista koskevaan pyynt\u00f6\u00f6n.<\/p>\n<p>&nbsp;<\/p>\n<p><strong>1.5 REKISTER\u00d6IDYN OIKEUS TEHD\u00c4 VALITUS VALVONTAVIRANOMAISELLE<\/strong><\/p>\n<p>&nbsp;<\/p>\n<p>Rekister\u00f6idyll\u00e4 on oikeus tehd\u00e4 valitus toimivaltaiselle valvontaviranomaiselle, jos rekisterinpit\u00e4j\u00e4 ei ole noudattanut toiminnassaan soveltuvaa tietosuojas\u00e4\u00e4ntely\u00e4.<\/p>\n<p>&nbsp;<\/p>\n<p><strong>1.6 YHTEYDENOTOT OIKEUKSIEN K\u00c4YTT\u00c4MISEKSI<\/strong><\/p>\n<p>&nbsp;<\/p>\n<p>Kaikissa henkil\u00f6tietojen k\u00e4sittelyyn liittyviss\u00e4 kysymyksiss\u00e4 ja omien oikeuksien k\u00e4ytt\u00e4miseen liittyviss\u00e4 tilanteissa rekister\u00f6idyn tulee ottaa yhteytt\u00e4 rekisterinpit\u00e4j\u00e4\u00e4n 1. kohdassa ilmoitetun mukaisesti. Rekisterinpit\u00e4j\u00e4 voi tarvittaessa pyyt\u00e4\u00e4 rekister\u00f6ity\u00e4 t\u00e4sment\u00e4m\u00e4\u00e4n pyynt\u00f6\u00e4\u00e4n kirjallisesti ja todistamaan henkil\u00f6llisyytens\u00e4.<\/p>\n            <\/div>\n             \n<\/div>\n<\/section>","protected":false},"excerpt":{"rendered":"","protected":false},"author":3,"featured_media":0,"parent":0,"menu_order":0,"comment_status":"closed","ping_status":"closed","template":"","meta":{"_acf_changed":false,"footnotes":""},"class_list":["post-1383","page","type-page","status-publish","hentry"],"acf":[],"yoast_head":"<!-- This site is optimized with the Yoast SEO plugin v25.4 - https:\/\/yoast.com\/wordpress\/plugins\/seo\/ -->\n<title>Privacy Policy - salomaa<\/title>\n<meta name=\"robots\" content=\"index, follow, max-snippet:-1, max-image-preview:large, max-video-preview:-1\" \/>\n<link rel=\"canonical\" href=\"https:\/\/salomaa.fi\/en\/privacy-policy\/\" \/>\n<meta property=\"og:locale\" content=\"en_US\" \/>\n<meta property=\"og:type\" content=\"article\" \/>\n<meta property=\"og:title\" content=\"Privacy Policy - salomaa\" \/>\n<meta property=\"og:url\" content=\"https:\/\/salomaa.fi\/en\/privacy-policy\/\" \/>\n<meta property=\"og:site_name\" content=\"salomaa\" \/>\n<meta property=\"article:modified_time\" content=\"2025-08-18T07:55:02+00:00\" \/>\n<meta name=\"twitter:card\" content=\"summary_large_image\" \/>\n<script type=\"application\/ld+json\" class=\"yoast-schema-graph\">{\"@context\":\"https:\/\/schema.org\",\"@graph\":[{\"@type\":\"WebPage\",\"@id\":\"https:\/\/salomaa.fi\/en\/privacy-policy\/\",\"url\":\"https:\/\/salomaa.fi\/en\/privacy-policy\/\",\"name\":\"Privacy Policy - salomaa\",\"isPartOf\":{\"@id\":\"https:\/\/salomaa.fi\/en\/#website\"},\"datePublished\":\"2025-06-06T10:43:07+00:00\",\"dateModified\":\"2025-08-18T07:55:02+00:00\",\"breadcrumb\":{\"@id\":\"https:\/\/salomaa.fi\/en\/privacy-policy\/#breadcrumb\"},\"inLanguage\":\"en-US\",\"potentialAction\":[{\"@type\":\"ReadAction\",\"target\":[\"https:\/\/salomaa.fi\/en\/privacy-policy\/\"]}]},{\"@type\":\"BreadcrumbList\",\"@id\":\"https:\/\/salomaa.fi\/en\/privacy-policy\/#breadcrumb\",\"itemListElement\":[{\"@type\":\"ListItem\",\"position\":1,\"name\":\"Home\",\"item\":\"https:\/\/salomaa.fi\/en\/\"},{\"@type\":\"ListItem\",\"position\":2,\"name\":\"Privacy Policy\"}]},{\"@type\":\"WebSite\",\"@id\":\"https:\/\/salomaa.fi\/en\/#website\",\"url\":\"https:\/\/salomaa.fi\/en\/\",\"name\":\"salomaa\",\"description\":\"\",\"publisher\":{\"@id\":\"https:\/\/salomaa.fi\/en\/#organization\"},\"potentialAction\":[{\"@type\":\"SearchAction\",\"target\":{\"@type\":\"EntryPoint\",\"urlTemplate\":\"https:\/\/salomaa.fi\/en\/?s={search_term_string}\"},\"query-input\":{\"@type\":\"PropertyValueSpecification\",\"valueRequired\":true,\"valueName\":\"search_term_string\"}}],\"inLanguage\":\"en-US\"},{\"@type\":\"Organization\",\"@id\":\"https:\/\/salomaa.fi\/en\/#organization\",\"name\":\"salomaa\",\"url\":\"https:\/\/salomaa.fi\/en\/\",\"logo\":{\"@type\":\"ImageObject\",\"inLanguage\":\"en-US\",\"@id\":\"https:\/\/salomaa.fi\/en\/#\/schema\/logo\/image\/\",\"url\":\"https:\/\/production.salomaa.fi\/wp-content\/uploads\/2025\/05\/salomaa_logo_since_02-scaled.webp\",\"contentUrl\":\"https:\/\/production.salomaa.fi\/wp-content\/uploads\/2025\/05\/salomaa_logo_since_02-scaled.webp\",\"width\":2560,\"height\":432,\"caption\":\"salomaa\"},\"image\":{\"@id\":\"https:\/\/salomaa.fi\/en\/#\/schema\/logo\/image\/\"}}]}<\/script>\n<!-- \/ Yoast SEO plugin. -->","yoast_head_json":{"title":"Privacy Policy - salomaa","robots":{"index":"index","follow":"follow","max-snippet":"max-snippet:-1","max-image-preview":"max-image-preview:large","max-video-preview":"max-video-preview:-1"},"canonical":"https:\/\/salomaa.fi\/en\/privacy-policy\/","og_locale":"en_US","og_type":"article","og_title":"Privacy Policy - salomaa","og_url":"https:\/\/salomaa.fi\/en\/privacy-policy\/","og_site_name":"salomaa","article_modified_time":"2025-08-18T07:55:02+00:00","twitter_card":"summary_large_image","schema":{"@context":"https:\/\/schema.org","@graph":[{"@type":"WebPage","@id":"https:\/\/salomaa.fi\/en\/privacy-policy\/","url":"https:\/\/salomaa.fi\/en\/privacy-policy\/","name":"Privacy Policy - salomaa","isPartOf":{"@id":"https:\/\/salomaa.fi\/en\/#website"},"datePublished":"2025-06-06T10:43:07+00:00","dateModified":"2025-08-18T07:55:02+00:00","breadcrumb":{"@id":"https:\/\/salomaa.fi\/en\/privacy-policy\/#breadcrumb"},"inLanguage":"en-US","potentialAction":[{"@type":"ReadAction","target":["https:\/\/salomaa.fi\/en\/privacy-policy\/"]}]},{"@type":"BreadcrumbList","@id":"https:\/\/salomaa.fi\/en\/privacy-policy\/#breadcrumb","itemListElement":[{"@type":"ListItem","position":1,"name":"Home","item":"https:\/\/salomaa.fi\/en\/"},{"@type":"ListItem","position":2,"name":"Privacy Policy"}]},{"@type":"WebSite","@id":"https:\/\/salomaa.fi\/en\/#website","url":"https:\/\/salomaa.fi\/en\/","name":"salomaa","description":"","publisher":{"@id":"https:\/\/salomaa.fi\/en\/#organization"},"potentialAction":[{"@type":"SearchAction","target":{"@type":"EntryPoint","urlTemplate":"https:\/\/salomaa.fi\/en\/?s={search_term_string}"},"query-input":{"@type":"PropertyValueSpecification","valueRequired":true,"valueName":"search_term_string"}}],"inLanguage":"en-US"},{"@type":"Organization","@id":"https:\/\/salomaa.fi\/en\/#organization","name":"salomaa","url":"https:\/\/salomaa.fi\/en\/","logo":{"@type":"ImageObject","inLanguage":"en-US","@id":"https:\/\/salomaa.fi\/en\/#\/schema\/logo\/image\/","url":"https:\/\/production.salomaa.fi\/wp-content\/uploads\/2025\/05\/salomaa_logo_since_02-scaled.webp","contentUrl":"https:\/\/production.salomaa.fi\/wp-content\/uploads\/2025\/05\/salomaa_logo_since_02-scaled.webp","width":2560,"height":432,"caption":"salomaa"},"image":{"@id":"https:\/\/salomaa.fi\/en\/#\/schema\/logo\/image\/"}}]}},"_links":{"self":[{"href":"https:\/\/salomaa.fi\/en\/wp-json\/wp\/v2\/pages\/1383","targetHints":{"allow":["GET"]}}],"collection":[{"href":"https:\/\/salomaa.fi\/en\/wp-json\/wp\/v2\/pages"}],"about":[{"href":"https:\/\/salomaa.fi\/en\/wp-json\/wp\/v2\/types\/page"}],"author":[{"embeddable":true,"href":"https:\/\/salomaa.fi\/en\/wp-json\/wp\/v2\/users\/3"}],"replies":[{"embeddable":true,"href":"https:\/\/salomaa.fi\/en\/wp-json\/wp\/v2\/comments?post=1383"}],"version-history":[{"count":1,"href":"https:\/\/salomaa.fi\/en\/wp-json\/wp\/v2\/pages\/1383\/revisions"}],"predecessor-version":[{"id":1384,"href":"https:\/\/salomaa.fi\/en\/wp-json\/wp\/v2\/pages\/1383\/revisions\/1384"}],"wp:attachment":[{"href":"https:\/\/salomaa.fi\/en\/wp-json\/wp\/v2\/media?parent=1383"}],"curies":[{"name":"wp","href":"https:\/\/api.w.org\/{rel}","templated":true}]}}